{"id":31,"date":"2016-10-16T21:27:36","date_gmt":"2016-10-16T19:27:36","guid":{"rendered":"https:\/\/localhost\/?page_id=31"},"modified":"2022-09-19T11:51:45","modified_gmt":"2022-09-19T09:51:45","slug":"szkolenia","status":"publish","type":"page","link":"http:\/\/www.sadowski-consulting.pl\/it_IT\/oferta\/szkolenia\/","title":{"rendered":"SzkoleniaIT"},"content":{"rendered":"<p><span style=\"color: #000000;\">Proponuj\u0119 praktyczn\u0105 wiedz\u0119 z zarz\u0105dzania dzia\u0142ami:<\/span><\/p>\n<hr \/>\n<p><span style=\"color: #000000;\"><b>Zarz\u0105dzanie Dzia\u0142em Serwisu Mechanicznego<\/b><\/span><\/p>\n<ul>\n<li style=\"list-style-type: none;\">\n<ul>\n<li><span style=\"color: #000000;\">Poj\u0119cia i definicje<\/span><\/li>\n<li><span style=\"color: #000000;\">Zarz\u0105dzanie Biurem Obs\u0142ugi Klienta<\/span><\/li>\n<li><span style=\"color: #000000;\">Zarz\u0105dzanie Warsztatem<\/span><\/li>\n<li><span style=\"color: #000000;\">Serwis a Dzia\u0142 Cz\u0119\u015bci<\/span><\/li>\n<li><span style=\"color: #000000;\">Monitoring &#8211; Kluczowe Parametry Pracy (KPI)<\/span><\/li>\n<\/ul>\n<\/li>\n<\/ul>\n<p><span style=\"color: #000000;\"><b>Zarz\u0105dzanie Dzia\u0142em Cz\u0119\u015bci Zamiennych<\/b><\/span><\/p>\n<ul>\n<li style=\"list-style-type: none;\">\n<ul>\n<li><span style=\"color: #000000;\">Poj\u0119cia i definicje<\/span><\/li>\n<li><span style=\"color: #000000;\">Zarz\u0105dzanie Magazynem<\/span><\/li>\n<li><span style=\"color: #000000;\">Zarz\u0105dzanie sprzeda\u017c\u0105 wewn\u0119trzn\u0105<\/span><\/li>\n<li><span style=\"color: #000000;\">Zarz\u0105dzanie sprzeda\u017c\u0105 zewn\u0119trzn\u0105 &#8211; sprzeda\u017c hurtowa<\/span><\/li>\n<li><span style=\"color: #000000;\">Monitoring &#8211; Kluczowe Parametry Pracy (KPI)<\/span><\/li>\n<\/ul>\n<\/li>\n<\/ul>\n","protected":false},"excerpt":{"rendered":"<p>Proponuj\u0119 praktyczn\u0105 wiedz\u0119 z zarz\u0105dzania dzia\u0142ami: Zarz\u0105dzanie Dzia\u0142em Serwisu Mechanicznego Poj\u0119cia i definicje Zarz\u0105dzanie Biurem Obs\u0142ugi Klienta Zarz\u0105dzanie Warsztatem Serwis a Dzia\u0142 Cz\u0119\u015bci Monitoring &#8211; Kluczowe Parametry Pracy (KPI) Zarz\u0105dzanie Dzia\u0142em Cz\u0119\u015bci Zamiennych Poj\u0119cia i definicje Zarz\u0105dzanie Magazynem Zarz\u0105dzanie sprzeda\u017c\u0105 wewn\u0119trzn\u0105 Zarz\u0105dzanie sprzeda\u017c\u0105 zewn\u0119trzn\u0105 &#8211; sprzeda\u017c hurtowa Monitoring &#8211; Kluczowe Parametry Pracy (KPI)<\/p>\n","protected":false},"author":1,"featured_media":0,"parent":23,"menu_order":0,"comment_status":"closed","ping_status":"closed","template":"fullwidth.php","meta":[],"_links":{"self":[{"href":"http:\/\/www.sadowski-consulting.pl\/it_IT\/wp-json\/wp\/v2\/pages\/31"}],"collection":[{"href":"http:\/\/www.sadowski-consulting.pl\/it_IT\/wp-json\/wp\/v2\/pages"}],"about":[{"href":"http:\/\/www.sadowski-consulting.pl\/it_IT\/wp-json\/wp\/v2\/types\/page"}],"author":[{"embeddable":true,"href":"http:\/\/www.sadowski-consulting.pl\/it_IT\/wp-json\/wp\/v2\/users\/1"}],"replies":[{"embeddable":true,"href":"http:\/\/www.sadowski-consulting.pl\/it_IT\/wp-json\/wp\/v2\/comments?post=31"}],"version-history":[{"count":9,"href":"http:\/\/www.sadowski-consulting.pl\/it_IT\/wp-json\/wp\/v2\/pages\/31\/revisions"}],"predecessor-version":[{"id":176,"href":"http:\/\/www.sadowski-consulting.pl\/it_IT\/wp-json\/wp\/v2\/pages\/31\/revisions\/176"}],"up":[{"embeddable":true,"href":"http:\/\/www.sadowski-consulting.pl\/it_IT\/wp-json\/wp\/v2\/pages\/23"}],"wp:attachment":[{"href":"http:\/\/www.sadowski-consulting.pl\/it_IT\/wp-json\/wp\/v2\/media?parent=31"}],"curies":[{"name":"wp","href":"https:\/\/api.w.org\/{rel}","templated":true}]}}