{"id":29,"date":"2016-10-16T21:27:22","date_gmt":"2016-10-16T19:27:22","guid":{"rendered":"https:\/\/localhost\/?page_id=29"},"modified":"2022-09-19T11:51:05","modified_gmt":"2022-09-19T09:51:05","slug":"doradztwo","status":"publish","type":"page","link":"http:\/\/www.sadowski-consulting.pl\/en_GB\/oferta\/doradztwo\/","title":{"rendered":"Doradztwo"},"content":{"rendered":"<ul>\n<li><span style=\"color: #000000;\">Analizy rynku lokalnego dealera pod k\u0105tem okre\u015blenia potencja\u0142u sprzeda\u017cy us\u0142ug serwisowych i cz\u0119\u015bci zamiennych<\/span><\/li>\n<li><span style=\"color: #000000;\">Tworzenie strategii rozwoju i 3-letnich bud\u017cet\u00f3w<\/span><\/li>\n<li><span style=\"color: #000000;\">Analizy funkcjonalne plan\u00f3w obiekt\u00f3w dealerskich<\/span><\/li>\n<li><span style=\"color: #000000;\">Konsultacje dotycz\u0105ce zatrudniania kadry zarz\u0105dzaj\u0105cej<\/span><\/li>\n<\/ul>\n","protected":false},"excerpt":{"rendered":"<p>Analizy rynku lokalnego dealera pod k\u0105tem okre\u015blenia potencja\u0142u sprzeda\u017cy us\u0142ug serwisowych i cz\u0119\u015bci zamiennych Tworzenie strategii rozwoju i 3-letnich bud\u017cet\u00f3w Analizy funkcjonalne plan\u00f3w obiekt\u00f3w dealerskich Konsultacje dotycz\u0105ce zatrudniania kadry zarz\u0105dzaj\u0105cej<\/p>\n","protected":false},"author":1,"featured_media":0,"parent":23,"menu_order":0,"comment_status":"closed","ping_status":"closed","template":"fullwidth.php","meta":[],"_links":{"self":[{"href":"http:\/\/www.sadowski-consulting.pl\/en_GB\/wp-json\/wp\/v2\/pages\/29"}],"collection":[{"href":"http:\/\/www.sadowski-consulting.pl\/en_GB\/wp-json\/wp\/v2\/pages"}],"about":[{"href":"http:\/\/www.sadowski-consulting.pl\/en_GB\/wp-json\/wp\/v2\/types\/page"}],"author":[{"embeddable":true,"href":"http:\/\/www.sadowski-consulting.pl\/en_GB\/wp-json\/wp\/v2\/users\/1"}],"replies":[{"embeddable":true,"href":"http:\/\/www.sadowski-consulting.pl\/en_GB\/wp-json\/wp\/v2\/comments?post=29"}],"version-history":[{"count":2,"href":"http:\/\/www.sadowski-consulting.pl\/en_GB\/wp-json\/wp\/v2\/pages\/29\/revisions"}],"predecessor-version":[{"id":174,"href":"http:\/\/www.sadowski-consulting.pl\/en_GB\/wp-json\/wp\/v2\/pages\/29\/revisions\/174"}],"up":[{"embeddable":true,"href":"http:\/\/www.sadowski-consulting.pl\/en_GB\/wp-json\/wp\/v2\/pages\/23"}],"wp:attachment":[{"href":"http:\/\/www.sadowski-consulting.pl\/en_GB\/wp-json\/wp\/v2\/media?parent=29"}],"curies":[{"name":"wp","href":"https:\/\/api.w.org\/{rel}","templated":true}]}}